{"id":496,"date":"2017-05-08T19:45:43","date_gmt":"2017-05-08T19:45:43","guid":{"rendered":"https:\/\/minergroup.net\/?page_id=496"},"modified":"2017-06-07T17:12:09","modified_gmt":"2017-06-07T17:12:09","slug":"valores","status":"publish","type":"page","link":"https:\/\/minergroup.net\/es\/quienes-somos\/valores\/","title":{"rendered":"Valores"},"content":{"rendered":"<p>Estos son los ocho valores fundamentales conforme a los cu\u00e1les vivimos. Nos ayudan a desarrollar nuestra cultura, nuestra marca y nuestras estrategias de negocio.<\/p>\n<div class=\"wi-column column-1-4\">\n<div class=\"wi-small-iconbox\">\n<h4 class=\"iconbox-title\"><i class=\"icon-check\"><\/i><span class=\"title\">SER PROFESIONALES &amp; MEJORAR INCANSABLEMENTE<\/span><\/h4>\n<div class=\"iconbox-content\">\n<p>Nos esmeramos en mejorar cada d\u00eda para ser expertos en nuestra industria, y perseguimos la innovaci\u00f3n. La innovaci\u00f3n impulsa la productividad, calidad y eficiencia.<\/p>\n<\/div>\n<\/div>\n<\/div>\n<div class=\"wi-column column-1-4\">\n<div class=\"wi-small-iconbox\">\n<h4 class=\"iconbox-title\"><i class=\"icon-check\"><\/i><span class=\"title\">FACILITAR LA EXPERIENCIA<\/span><\/h4>\n<div class=\"iconbox-content\">\n<p>Que sea f\u00e1cil para nuestros clientes tratar con nosotros y que nuestro trabajo sea f\u00e1cil. Con una llamada se realizar\u00e1.<\/p>\n<\/div>\n<\/div>\n<\/div>\n<div class=\"wi-column column-1-4\">\n<div class=\"wi-small-iconbox\">\n<h4 class=\"iconbox-title\"><i class=\"icon-check\"><\/i><span class=\"title\">OFRECER SERVICIO EXCELENTE Y CONSISTENTE<\/span><\/h4>\n<div class=\"iconbox-content\">\n<p>Establecemos referencias e indicadores claves de rendimiento para definir mejores pr\u00e1cticas y siempre seguimos los mismos procesos. Los procesos consistentes brindan los resultados esperados. \u00a1Le brindamos su tranquilidad!<\/p>\n<\/div>\n<\/div>\n<\/div>\n<div class=\"wi-column column-last column-1-4\">\n<div class=\"wi-small-iconbox\">\n<h4 class=\"iconbox-title\"><i class=\"icon-check\"><\/i><span class=\"title\">ASEGURAR LA CALIDAD<\/span><\/h4>\n<div class=\"iconbox-content\">\n<p>\u00a1Nos esmeramos en hacer las cosas bien desde el principio! Esto significa la calidad para nosotros. La calidad hace feliz a nuestros clientes y nos encantan los clientes felices. Respaldamos nuestras promesas y comprobamos nuestras garant\u00edas.<\/p>\n<\/div>\n<\/div>\n<\/div>\n<div class=\"clearfix\"><\/div>\n<div class=\"wi-column column-1-4\">\n<div class=\"wi-small-iconbox\">\n<h4 class=\"iconbox-title\"><i class=\"icon-check\"><\/i><span class=\"title\">OFRECER AHORRO TOTAL DE COSTOS, NO SIMPLEMENTE UN PRECIO COMPETITIVO<\/span><\/h4>\n<div class=\"iconbox-content\">\n<p>Basamos nuestros honorarios en el trabajo concreto involucrado y en el an\u00e1lisis detallado de los procesos de log\u00edstica del cliente. Desarrollamos y ofrecemos un enfoque de un ahorro real en cuanto a nuestros servicios.<\/p>\n<\/div>\n<\/div>\n<\/div>\n<div class=\"wi-column column-1-4\">\n<div class=\"wi-small-iconbox\">\n<h4 class=\"iconbox-title\"><i class=\"icon-check\"><\/i><span class=\"title\">TRATAR A TODOS CON RESPETO Y CORTES\u00cdA<\/span><\/h4>\n<div class=\"iconbox-content\">\n<p>Tratamos a nuestros clientes como damas y caballeros porque nosotros somos damas y caballeros. Sentimos orgullo por nuestro profesionalismo en apariencia, lenguaje y comportamiento.<\/p>\n<\/div>\n<\/div>\n<\/div>\n<div class=\"wi-column column-1-4\">\n<div class=\"wi-small-iconbox\">\n<h4 class=\"iconbox-title\"><i class=\"icon-check\"><\/i><span class=\"title\">SER HONESTOS Y CONFIABLES<\/span><\/h4>\n<div class=\"iconbox-content\">\n<p>Estamos comprometidos con las leyes y reglas que rigen nuestra industria y nos esmeramos en cumplir con ellas todos los d\u00edas.<\/p>\n<\/div>\n<\/div>\n<\/div>\n<div class=\"wi-column column-last column-1-4\">\n<div class=\"wi-small-iconbox\">\n<h4 class=\"iconbox-title\"><i class=\"icon-check\"><\/i><span class=\"title\">CREAR UN AMBIENTE POSITIVO Y PROMOVER UN AMBIENTE DE FAMILIA<\/span><\/h4>\n<div class=\"iconbox-content\">\n<p>Deseamos crear un ambiente amistoso, c\u00e1lido y din\u00e1mico.<\/p>\n<\/div>\n<\/div>\n<\/div>\n<div class=\"clearfix\"><\/div>\n<p><em>\u00bfPor qu\u00e9 tenemos estos valores?<\/em><\/p>\n<p>Porque nuestra misi\u00f3n es generar y cultivar la confianza de nuestros clientes al brindarles tranquilidad, una comunicaci\u00f3n abierta y proactiva, y beneficios tangibles y cuantificables. Queremos desarrollar una empresa de la cual nuestros empleados se sientan orgullosos y que nuestros clientes consideren una parte integral del \u00e9xito de su log\u00edstica.<\/p>\n<p><em>Nuestro Compromiso de Marca con usted. Nosotros:<\/em><\/p>\n<ul>\n<li>Haremos todo lo posible, no s\u00f3lo lo mejor posible, para superar sus requisitos y expectativas<\/li>\n<li>Pecaremos de honestos<\/li>\n<li>Trataremos a todos con respeto<\/li>\n<li>Tendremos un c\u00f3digo de \u00e9tica personal y profesional fuerte y consistente<\/li>\n<li>Generaremos y mantendremos confianza y nos comunicaremos abiertamente<\/li>\n<li>Entregaremos resultados cuantificables y tangibles<\/li>\n<li>Seremos justos y competitivos<\/li>\n<li>\u00a1Nos esmeraremos en hacerlo un cliente feliz!<\/li>\n<\/ul>\n","protected":false},"excerpt":{"rendered":"<p>Estos son los ocho valores fundamentales conforme a los cu\u00e1les vivimos. Nos ayudan a desarrollar nuestra cultura, nuestra marca y nuestras estrategias de negocio. \u00bfPor qu\u00e9 tenemos estos valores? Porque nuestra misi\u00f3n es generar y cultivar la confianza de nuestros&nbsp;&hellip;<\/p>\n","protected":false},"author":13,"featured_media":0,"parent":490,"menu_order":0,"comment_status":"closed","ping_status":"closed","template":"","meta":{"footnotes":""},"class_list":["post-496","page","type-page","status-publish","hentry"],"_links":{"self":[{"href":"https:\/\/minergroup.net\/es\/wp-json\/wp\/v2\/pages\/496","targetHints":{"allow":["GET"]}}],"collection":[{"href":"https:\/\/minergroup.net\/es\/wp-json\/wp\/v2\/pages"}],"about":[{"href":"https:\/\/minergroup.net\/es\/wp-json\/wp\/v2\/types\/page"}],"author":[{"embeddable":true,"href":"https:\/\/minergroup.net\/es\/wp-json\/wp\/v2\/users\/13"}],"replies":[{"embeddable":true,"href":"https:\/\/minergroup.net\/es\/wp-json\/wp\/v2\/comments?post=496"}],"version-history":[{"count":0,"href":"https:\/\/minergroup.net\/es\/wp-json\/wp\/v2\/pages\/496\/revisions"}],"up":[{"embeddable":true,"href":"https:\/\/minergroup.net\/es\/wp-json\/wp\/v2\/pages\/490"}],"wp:attachment":[{"href":"https:\/\/minergroup.net\/es\/wp-json\/wp\/v2\/media?parent=496"}],"curies":[{"name":"wp","href":"https:\/\/api.w.org\/{rel}","templated":true}]}}