{"id":487,"date":"2017-05-08T16:37:43","date_gmt":"2017-05-08T16:37:43","guid":{"rendered":"https:\/\/minergroup.net\/?page_id=487"},"modified":"2017-05-08T20:10:07","modified_gmt":"2017-05-08T20:10:07","slug":"nuestro-trabajo","status":"publish","type":"page","link":"https:\/\/minergroup.net\/es\/nuestro-trabajo\/","title":{"rendered":"Nuestro Trabajo"},"content":{"rendered":"<div class=\"container\">\n<div class=\"wi-column column-1-3\">\n<div class=\"image\"><img loading=\"lazy\" decoding=\"async\" class=\"alignnone size-full\" src=\"\/wp-content\/uploads\/2017\/03\/clock-mechanism@2x.jpg\" alt=\"Qu\u00e9 hacemos\" width=\"300\" height=\"215\" \/><\/div>\n<div class=\"wi-toggle toggle-mode\">\n<div class=\"toggle-title\">Qu\u00e9 hacemos<\/div>\n<div class=\"toggle-content\">\n<p>Conocemos M\u00e9xico y el TLC es nuestro negocio. Somos un grupo de empresas especializadas que proporciona soluciones de log\u00edstica viables y competitivas desde o para M\u00e9xico. Ofrecemos una gama completa de servicios que aseguran que sus productos les lleguen a sus clientes en M\u00e9xico o que los productos de M\u00e9xico les lleguen a sus clientes en Estados Unidos, Canad\u00e1 o el resto del mundo. Si su empresa busca expandirse al mercado mexicano, tenemos la capacidad y los resultados demostrados para ayudarla a lograrlo.<\/p>\n<\/div>\n<\/div>\n<\/div>\n<div class=\"wi-column column-1-3\">\n<div class=\"image\"><img loading=\"lazy\" decoding=\"async\" class=\"alignnone size-full\" src=\"\/wp-content\/uploads\/2017\/03\/na-map@2x.jpg\" alt=\"C\u00f3mo lo hacemos\" width=\"300\" height=\"215\" \/><\/div>\n<div class=\"wi-toggle toggle-mode\">\n<div class=\"toggle-title\">C\u00f3mo lo hacemos<\/div>\n<div class=\"toggle-content\">\n<p>Nos esforzamos en anticipar y cumplir con cada una de las necesidades de nuestros clientes al analizar y proveer procesos probados y precisos para resolver los puntos problem\u00e1ticos en su cadena log\u00edstica y para crear u optimizar sus procesos establecidos y hacerlos eficientes y competitivos. Establecemos consistencia mediante nuestros servicios. Respaldamos nuestras promesas y comprobamos nuestras garant\u00edas.<\/p>\n<\/div>\n<\/div>\n<\/div>\n<div class=\"wi-column column-1-3 column-last\">\n<div class=\"image\"><img loading=\"lazy\" decoding=\"async\" class=\"alignnone size-full\" src=\"\/wp-content\/uploads\/2017\/03\/happy-customers@2x.jpg\" alt=\"Por qu\u00e9 lo hacemos\" width=\"300\" height=\"215\" \/><\/div>\n<div class=\"wi-toggle toggle-mode\">\n<div class=\"toggle-title\">Por qu\u00e9 lo hacemos<\/div>\n<div class=\"toggle-content\">\n<p>Podemos ayudar a expandir su negocio en M\u00e9xico con la tranquilidad que usted ha estado buscando. El servicio excelente al cliente no tiene que ser caro. Nuestra meta es de fomentar la confianza de nuestros clientes al entregarles resultados tangibles y cuantificables. Nos esmeramos en ofrecer la mejor experiencia en log\u00edstica a cada uno de nuestros clientes.<\/p>\n<\/div>\n<\/div>\n<\/div>\n<\/div>\n","protected":false},"excerpt":{"rendered":"","protected":false},"author":13,"featured_media":0,"parent":0,"menu_order":0,"comment_status":"closed","ping_status":"closed","template":"","meta":{"footnotes":""},"class_list":["post-487","page","type-page","status-publish","hentry"],"_links":{"self":[{"href":"https:\/\/minergroup.net\/es\/wp-json\/wp\/v2\/pages\/487","targetHints":{"allow":["GET"]}}],"collection":[{"href":"https:\/\/minergroup.net\/es\/wp-json\/wp\/v2\/pages"}],"about":[{"href":"https:\/\/minergroup.net\/es\/wp-json\/wp\/v2\/types\/page"}],"author":[{"embeddable":true,"href":"https:\/\/minergroup.net\/es\/wp-json\/wp\/v2\/users\/13"}],"replies":[{"embeddable":true,"href":"https:\/\/minergroup.net\/es\/wp-json\/wp\/v2\/comments?post=487"}],"version-history":[{"count":0,"href":"https:\/\/minergroup.net\/es\/wp-json\/wp\/v2\/pages\/487\/revisions"}],"wp:attachment":[{"href":"https:\/\/minergroup.net\/es\/wp-json\/wp\/v2\/media?parent=487"}],"curies":[{"name":"wp","href":"https:\/\/api.w.org\/{rel}","templated":true}]}}