{"id":480,"date":"2017-05-08T16:28:03","date_gmt":"2017-05-08T16:28:03","guid":{"rendered":"https:\/\/minergroup.net\/?page_id=480"},"modified":"2017-05-18T05:42:36","modified_gmt":"2017-05-18T05:42:36","slug":"consultoria","status":"publish","type":"page","link":"https:\/\/minergroup.net\/es\/servicios\/consultoria\/","title":{"rendered":"Consultor\u00eda"},"content":{"rendered":"<div class=\"container\">\n<p>Grupo Miner ofrece servicios como importador y exportador registrado en M\u00e9xico, as\u00ed como servicios de log\u00edstica, despacho de aduana, transporte y entrega, y optimizaci\u00f3n de suministros. Servicios Miner se rige por indicadores claves de rendimiento y rigurosos \u00edndices de calidad, lo cual nos permite otorgarle un fuerte apoyo a sus departamentos de log\u00edstica, adquisici\u00f3n y tercerizaci\u00f3n.<\/p>\n<p>Para optimizar su log\u00edstica, comenzamos con un an\u00e1lisis detallado de sus necesidades y estado actual de proveedores y su historial de cumpliento, as\u00ed como de sus procesos y costos actuales de log\u00edstica. Luego identificamos \u00e1reas de oportunidad donde se puedan reducir tiempos y costos de tr\u00e1nsito y establecer procesos cont\u00ednuos de reducci\u00f3n de costos y optimizaci\u00f3n del proceso de la l\u00f3gistica.<\/p>\n<p>Grupo Miner ofrece a nuestros clientes un enfoque integrado a la soluci\u00f3n de problemas, as\u00ed como servicios de alta calidad y optimizaci\u00f3n de costos.<\/p>\n<h2 style=\"text-align: center;\">Selecci\u00f3n de <em>Servicios<\/em><\/h2>\n<div class=\"wi-column column-1-3\">\n<h3>APOYO A DEPARTAMENTOS DE ADQUISICI\u00d3N Y TERCERIZACI\u00d3N<\/h3>\n<p>Apoyamos a los departamentos de adquisici\u00f3n y tercerizaci\u00f3n de su empresa, ofreciendo una gama completa de servicios y productos, desde los pedidos de suministros generales y materias primas hasta el reemplazo de productos, equipo nuevo y optimizaci\u00f3n de proveedores.<\/p>\n<\/div>\n<div class=\"wi-column column-1-3\">\n<h3>OPORTUNIDADES COMERCIALES EN LOS EEUU, CANAD\u00c1 Y M\u00c9XICO<\/h3>\n<p>Ofrecemos servicios de investigaci\u00f3n y selecci\u00f3n de proveedores, colocaci\u00f3n de productos, distribuci\u00f3n y expansi\u00f3n de mercados.<\/p>\n<\/div>\n<div class=\"wi-column column-1-3 column-last\">\n<h3>SERVICIOS DE IMPORTADOR Y EXPORTADOR REGISTRADO<\/h3>\n<p>Si su empresa no est\u00e1 dada de alta en M\u00e9xico o si no est\u00e1 registrada en el padr\u00f3n de importadores, Grupo Miner le ofrece servicios de importador y exportador registrado hacia y desde M\u00e9xico. \u00a1Servicios de terceros confiables y leg\u00edtimos para la expansi\u00f3n de su empresa a M\u00e9xico!<\/p>\n<\/div>\n<\/div>\n","protected":false},"excerpt":{"rendered":"<p>Grupo Miner ofrece servicios como importador y exportador registrado en M\u00e9xico, as\u00ed como servicios de log\u00edstica, despacho de aduana, transporte y entrega, y optimizaci\u00f3n de suministros. Servicios Miner se rige por indicadores claves de rendimiento y rigurosos \u00edndices de calidad,&nbsp;&hellip;<\/p>\n","protected":false},"author":13,"featured_media":0,"parent":447,"menu_order":0,"comment_status":"closed","ping_status":"closed","template":"","meta":{"footnotes":""},"class_list":["post-480","page","type-page","status-publish","hentry"],"_links":{"self":[{"href":"https:\/\/minergroup.net\/es\/wp-json\/wp\/v2\/pages\/480","targetHints":{"allow":["GET"]}}],"collection":[{"href":"https:\/\/minergroup.net\/es\/wp-json\/wp\/v2\/pages"}],"about":[{"href":"https:\/\/minergroup.net\/es\/wp-json\/wp\/v2\/types\/page"}],"author":[{"embeddable":true,"href":"https:\/\/minergroup.net\/es\/wp-json\/wp\/v2\/users\/13"}],"replies":[{"embeddable":true,"href":"https:\/\/minergroup.net\/es\/wp-json\/wp\/v2\/comments?post=480"}],"version-history":[{"count":0,"href":"https:\/\/minergroup.net\/es\/wp-json\/wp\/v2\/pages\/480\/revisions"}],"up":[{"embeddable":true,"href":"https:\/\/minergroup.net\/es\/wp-json\/wp\/v2\/pages\/447"}],"wp:attachment":[{"href":"https:\/\/minergroup.net\/es\/wp-json\/wp\/v2\/media?parent=480"}],"curies":[{"name":"wp","href":"https:\/\/api.w.org\/{rel}","templated":true}]}}