{"id":475,"date":"2017-05-08T16:12:32","date_gmt":"2017-05-08T16:12:32","guid":{"rendered":"https:\/\/minergroup.net\/?page_id=475"},"modified":"2017-05-18T05:21:55","modified_gmt":"2017-05-18T05:21:55","slug":"cumplimiento-regulatorio","status":"publish","type":"page","link":"https:\/\/minergroup.net\/es\/servicios\/cumplimiento-regulatorio\/","title":{"rendered":"Cumplimiento Regulatorio"},"content":{"rendered":"<div class=\"wi-column column-1-2\">\nLa divisi\u00f3n de Cumplimiento Regulatorio Miner ofrece servicios especializados para los productos que requieren autorizaci\u00f3n y otros requisitos no arancelarios para su importaci\u00f3n a M\u00e9xico.  <\/p>\n<p>Tenemos un proceso probado para ayudar a las empresas a expandirse al mercado mexicano o a optimizar sus procesos actuales de cumplimiento regulatorio para minimizar retrasos y costos.  <\/p>\n<p>Ofrecemos un enfoque escalonado y a precios competitivos para asegurar el \u00e9xito de su empresa en el mercado mexicano.<\/p>\n<p>Como Miembro Proveedor de DSA (Asociaci\u00f3n de Ventas Directas), entendemos los matices y requisitos especiales de la industria.<\/p>\n<p>Nuestra oficina en la Ciudad de M\u00e9xico est\u00e1 estrat\u00e9gicamente ubicada cerca de COFEPRIS, y podemos agilizar el tr\u00e1mite de permisos de importaci\u00f3n.  <\/p>\n<p>Ofrecemos an\u00e1lisis de productos, impresi\u00f3n de etiquetas de calidad profesional y otros servicios regulatorios en nuestra oficina para poder ofrecer la mayor visibilidad e informes de estado detallados para todas sus necesidades de cumplimiento regulatorio.\n<\/p><\/div>\n<div class=\"wi-column column-last column-1-2\">\n<h2>Selecci\u00f3n de <em>Servicios<\/em><\/h2>\n<ol style=\"list-style-type: upper-roman;\" type=\"I\">\n<li>Servicios de Verificaci\u00f3n NYCE y de Certificaci\u00f3n NOM\n<ol style=\"list-style-type: lower-alpha;\" type=\"a\">\n<li>\u201cDictamen T\u00e9cnico\u201d para  NOM-186-SSA1\/SCFI-2013<br \/>\nProductos alimenticios que contienen cacao o sabor a chocolate<\/li>\n<li>Certificados de Cumplimiento con NOM\n<ul>\n<li>NOM-051-SSA1\/SCFI-2010 \u2013 Productos alimenticios<\/li>\n<li>NOM-141-SSA1\/SCFI-2012 \u2013 Cosm\u00e9ticos<\/li>\n<li>NOM-189-SSA1\/SCFI-2002 \u2013 Productos de Aseo Dom\u00e9stico<\/li>\n<\/ul>\n<\/li>\n<\/ol>\n<\/li>\n<li>Reglamentos de la Secretar\u00eda de Salud<\/li>\n<li>COFEPRIS\n<ol style=\"list-style-type: lower-alpha;\" type=\"a\">\n<li>Aviso de Funcionamiento<\/li>\n<li>Insumos para la Salud\n<ul>\n<li>Revisi\u00f3n de etiqueta y evaluaci\u00f3n de reclamo<\/li>\n<li>An\u00e1lisis profundo de ingredientes, incluyendo elementos bot\u00e1nicos, vitaminas y minerales<\/li>\n<li>Cumplimiento con requisitos NOM para etiqueta y tabla nutricional<\/li>\n<li>Permisos COFEPRIS<\/li>\n<\/ul>\n<\/li>\n<li>Registros COFEPRIS de productos especiales\n<ul>\n<li>Remedios Herbolarios<\/li>\n<li>Medicamentos Vitam\u00ednicos<\/li>\n<\/ul>\n<\/li>\n<li>Asesor\u00eda publicitaria \u2013 cumplimiento con reglamentos COFEPRIS sobre la publicidad<\/li>\n<\/ol>\n<\/li>\n<li>Inspecciones SAGARPA<\/li>\n<li>Certificados USDA<\/li>\n<\/ol>\n<\/div>\n<div class=\"clearfix\"><\/div>\n","protected":false},"excerpt":{"rendered":"","protected":false},"author":13,"featured_media":0,"parent":447,"menu_order":0,"comment_status":"closed","ping_status":"closed","template":"","meta":{"footnotes":""},"class_list":["post-475","page","type-page","status-publish","hentry"],"_links":{"self":[{"href":"https:\/\/minergroup.net\/es\/wp-json\/wp\/v2\/pages\/475","targetHints":{"allow":["GET"]}}],"collection":[{"href":"https:\/\/minergroup.net\/es\/wp-json\/wp\/v2\/pages"}],"about":[{"href":"https:\/\/minergroup.net\/es\/wp-json\/wp\/v2\/types\/page"}],"author":[{"embeddable":true,"href":"https:\/\/minergroup.net\/es\/wp-json\/wp\/v2\/users\/13"}],"replies":[{"embeddable":true,"href":"https:\/\/minergroup.net\/es\/wp-json\/wp\/v2\/comments?post=475"}],"version-history":[{"count":0,"href":"https:\/\/minergroup.net\/es\/wp-json\/wp\/v2\/pages\/475\/revisions"}],"up":[{"embeddable":true,"href":"https:\/\/minergroup.net\/es\/wp-json\/wp\/v2\/pages\/447"}],"wp:attachment":[{"href":"https:\/\/minergroup.net\/es\/wp-json\/wp\/v2\/media?parent=475"}],"curies":[{"name":"wp","href":"https:\/\/api.w.org\/{rel}","templated":true}]}}