{"id":464,"date":"2017-05-08T15:44:43","date_gmt":"2017-05-08T15:44:43","guid":{"rendered":"https:\/\/minergroup.net\/?page_id=464"},"modified":"2017-05-18T05:31:32","modified_gmt":"2017-05-18T05:31:32","slug":"intermediacion-aduanera","status":"publish","type":"page","link":"https:\/\/minergroup.net\/es\/servicios\/intermediacion-aduanera\/","title":{"rendered":"Intermediaci\u00f3n Aduanera"},"content":{"rendered":"<p>Para poder ofrecer servicios eficientes y profesionales que abarcan la log\u00edstica completa desde o hacia M\u00e9xico, es necesario tener, no s\u00f3lo a\u00f1os de experiencia en el comercio internacional, sino que tambi\u00e9n el conocimiento local y la capacidad para entender los matices de cada env\u00edo. Los miembros del equipo de Intermediaci\u00f3n Aduanera Miner tienen la experiencia para navegar las complejidades del proceso de despacho aduanal, lo cual evita retrasos o costos innecesarios.<\/p>\n<p>Agencia Aduanal Miner S.C. es una agencia aduanal mexicana que fue fundada en Reynosa en 1989 y en Nuevo Laredo en 1996, ambos ubicados en Tamaulipas M\u00e9xico. Por medio de esta empresa, la divisi\u00f3n de Intermediaci\u00f3n Aduanera Miner ofrece sus servicios de despacho aduanal en M\u00e9xico.<\/p>\n<p>Agencia Aduanal Miner S.C. fue certificada IS09002 en el a\u00f1o 2000, y en septiembre del 2011 obtuvo la recertificaci\u00f3n IS09001:2008, as\u00ed como la certificaci\u00f3n de \u201cQuality Customs Broker\u201d, bajo la norma mexicana NOM NMX\/R\/026\/SCFI\/2009, por ANACE, un certificador oficial mexicano.<\/p>\n<p>Agencia Aduanal Miner S.C. cuenta con dos patentes de Agente Aduanal; ambos agentes son miembros de la Confederaci\u00f3n de Asociaciones de Agentes Aduanales de la Rep\u00fablica Mexicana (CAAAREM), as\u00ed como miembros de sus asociaciones locales. Ambos patentes han sido certificados por el Instituto Interamericano de Fronteras y Aduanas, A.C. (IIFA) en M\u00e9xico.<\/p>\n<p>Los servicios de Intermediaci\u00f3n Aduanera Miner son r\u00e1pidos, eficientes y profesionales. Nuestra meta no es de simplemente cumplir los requisitos de nuestros clientes, sino superar sus expectativas siempre.<\/p>\n<p>Las alianzas estrat\u00e9gicas y las relaciones locales que hemos establecido nos permiten ofrecer soluciones individualizadas y especializadas para todos sus env\u00edos, incluyendo:<\/p>\n<ul>\n<li>Carga completa (FTL), carga parcial (LTL), despacho de paquetes.<\/li>\n<li>Servicios de consolidar y despachar.<\/li>\n<li>Entrega de puerta a puerta y entregas el mismo d\u00eda o al d\u00eda siguiente en determinadas \u00e1reas de M\u00e9xico, as\u00ed como seguro de carga.<\/li>\n<\/ul>\n<p><em>El libre comercio no equivale al comercio f\u00e1cil. \u00a1La Intermediaci\u00f3n Aduanera Miner hace que el TLC sea m\u00e1s f\u00e1cil!<\/em><\/p>\n<h2 style=\"text-align: center;\">Selecci\u00f3n\u00a0de\u00a0<em>Servicios<\/em><\/h2>\n<div class=\"wi-column column-1-4\">\n<h3>Servicios completos de despacho aduanal para env\u00edos con destino al norte y al sur, desde y hacia M\u00e9xico, a trav\u00e9s de los puertos de:<\/h3>\n<ul>\n<li>Nuevo Laredo, M\u00e9xico \/ Laredo, Texas<\/li>\n<li>Reynosa, M\u00e9xico \/ McAllen, Texas<\/li>\n<li>Colombia, M\u00e9xico \/ Laredo, Texas<\/li>\n<li>Aeropuerto de la Ciudad de M\u00e9xico (MEX)*<\/li>\n<\/ul>\n<\/div>\n<div class=\"wi-column column-1-4\">\n<h3>Servicios especializados de importaci\u00f3n y exportaci\u00f3n incluyendo:<\/h3>\n<ul>\n<li>Reparaci\u00f3n y devoluci\u00f3n de un mismo n\u00famero de serie.<\/li>\n<li>An\u00e1lisis de clasificaci\u00f3n arancelaria armonizada (HTS).<\/li>\n<li>Consolidar y despachar como un solo env\u00edo.<\/li>\n<li>Asesor\u00eda jur\u00eddica. <\/li>\n<\/ul>\n<\/div>\n<div class=\"wi-column column-1-4\">\n<h3>Asesor\u00eda en cumplimiento para Insumos de Salud y Venta Directa.<\/h3>\n<ul>\n<li>Permisos COFEPRIS<\/li>\n<li>NYCE<\/li>\n<li>NOMs (50 \/ 051 \/ 141 \/ 189)<\/li>\n<li>USDA \/ SAGARPA<\/li>\n<\/ul>\n<\/div>\n<div class=\"wi-column column-last column-1-4\">\n<h3>An\u00e1lisis de clasificaci\u00f3n arancelaria armonizada mexicana y de productos especializados, as\u00ed como informes de despacho aduanal en tiempo real para realzar la visibilidad de los env\u00edos.<\/h3>\n<\/div>\n<div class=\"clearfix\"><\/div>\n<p><i>*Por medio de alianzas estrat\u00e9gicas.<\/i><\/p>\n","protected":false},"excerpt":{"rendered":"<p>Para poder ofrecer servicios eficientes y profesionales que abarcan la log\u00edstica completa desde o hacia M\u00e9xico, es necesario tener, no s\u00f3lo a\u00f1os de experiencia en el comercio internacional, sino que tambi\u00e9n el conocimiento local y la capacidad para entender los&nbsp;&hellip;<\/p>\n","protected":false},"author":13,"featured_media":0,"parent":447,"menu_order":0,"comment_status":"closed","ping_status":"closed","template":"","meta":{"footnotes":""},"class_list":["post-464","page","type-page","status-publish","hentry"],"_links":{"self":[{"href":"https:\/\/minergroup.net\/es\/wp-json\/wp\/v2\/pages\/464","targetHints":{"allow":["GET"]}}],"collection":[{"href":"https:\/\/minergroup.net\/es\/wp-json\/wp\/v2\/pages"}],"about":[{"href":"https:\/\/minergroup.net\/es\/wp-json\/wp\/v2\/types\/page"}],"author":[{"embeddable":true,"href":"https:\/\/minergroup.net\/es\/wp-json\/wp\/v2\/users\/13"}],"replies":[{"embeddable":true,"href":"https:\/\/minergroup.net\/es\/wp-json\/wp\/v2\/comments?post=464"}],"version-history":[{"count":0,"href":"https:\/\/minergroup.net\/es\/wp-json\/wp\/v2\/pages\/464\/revisions"}],"up":[{"embeddable":true,"href":"https:\/\/minergroup.net\/es\/wp-json\/wp\/v2\/pages\/447"}],"wp:attachment":[{"href":"https:\/\/minergroup.net\/es\/wp-json\/wp\/v2\/media?parent=464"}],"curies":[{"name":"wp","href":"https:\/\/api.w.org\/{rel}","templated":true}]}}